{"id":179,"date":"2025-06-19T11:56:21","date_gmt":"2025-06-19T09:56:21","guid":{"rendered":"https:\/\/www.bwrpower.com\/?page_id=179"},"modified":"2025-06-19T12:34:36","modified_gmt":"2025-06-19T10:34:36","slug":"cookie-policy","status":"publish","type":"page","link":"https:\/\/www.bwrpower.com\/it\/cookie-policy\/","title":{"rendered":"Cookie policy"},"content":{"rendered":"\t\t<div data-elementor-type=\"wp-page\" data-elementor-id=\"179\" class=\"elementor elementor-179\" data-elementor-post-type=\"page\">\n\t\t\t\t<div class=\"elementor-element elementor-element-1abe716 e-flex e-con-boxed e-con e-parent\" data-id=\"1abe716\" data-element_type=\"container\">\n\t\t\t\t\t<div class=\"e-con-inner\">\n\t\t\t\t<div class=\"elementor-element elementor-element-b1dc71e elementor-widget elementor-widget-heading\" data-id=\"b1dc71e\" data-element_type=\"widget\" data-widget_type=\"heading.default\">\n\t\t\t\t<div class=\"elementor-widget-container\">\n\t\t\t\t\t<h1 class=\"elementor-heading-title elementor-size-default\">Cookie Policy - BWR Power Systems Lugo S.r.l.\n<\/h1>\t\t\t\t<\/div>\n\t\t\t\t<\/div>\n\t\t\t\t<div class=\"elementor-element elementor-element-ee3b5e0 elementor-widget elementor-widget-text-editor\" data-id=\"ee3b5e0\" data-element_type=\"widget\" data-widget_type=\"text-editor.default\">\n\t\t\t\t<div class=\"elementor-widget-container\">\n\t\t\t\t\t\t\t\t\t<p>La presente Cookie Policy fornisce informazioni agli utenti in merito all\u2019utilizzo di cookie e\/o tecnologie di monitoraggio da parte del sito web https:\/\/www.bwrpower.com (di seguito, il \u201cSito\u201d).<\/p><p>Il Titolare del trattamento dei dati personali raccolti tramite il Sito \u00e8 BWR Power Systems Lugo S.r.l, con sede legale in Via Mensa 3\/2, 48022, Santa Maria in Fabriago, Lugo (RA), Italia (di seguito, \u201cBWR\u201d).<\/p><p>BWR tratter\u00e0 i dati personali degli utenti nel rispetto della normativa vigente in materia di protezione dei dati personali.<\/p>\t\t\t\t\t\t\t\t<\/div>\n\t\t\t\t<\/div>\n\t\t\t\t<div class=\"elementor-element elementor-element-23e1e7d elementor-widget elementor-widget-heading\" data-id=\"23e1e7d\" data-element_type=\"widget\" data-widget_type=\"heading.default\">\n\t\t\t\t<div class=\"elementor-widget-container\">\n\t\t\t\t\t<h3 class=\"elementor-heading-title elementor-size-default\">Che cosa sono i \"cookie\"?<\/h3>\t\t\t\t<\/div>\n\t\t\t\t<\/div>\n\t\t\t\t<div class=\"elementor-element elementor-element-b1f876c elementor-widget elementor-widget-text-editor\" data-id=\"b1f876c\" data-element_type=\"widget\" data-widget_type=\"text-editor.default\">\n\t\t\t\t<div class=\"elementor-widget-container\">\n\t\t\t\t\t\t\t\t\t<p>I cookie sono piccoli file di testo che i siti web inviano ai dispositivi degli utenti (es. computer, tablet, smartphone), dove vengono memorizzati per poi essere ritrasmessi agli stessi siti in occasione delle visite successive. Alcuni cookie possono richiedere il consenso preventivo dell\u2019utente.<\/p><p>I cookie consentono di identificare il dispositivo su cui sono stati installati per tutta la durata della loro validit\u00e0. Durante la navigazione sul Sito, le informazioni relative alla navigazione dell\u2019utente possono essere memorizzate nei cookie.<\/p><p>I cookie svolgono varie funzioni e rendono la navigazione sul Sito pi\u00f9 efficiente, memorizzando le preferenze dell\u2019utente e migliorandone l\u2019esperienza. Possono inoltre contribuire alla personalizzazione della pubblicit\u00e0 mostrata e delle attivit\u00e0 di marketing, affinch\u00e9 siano coerenti con gli interessi dell\u2019utente.<\/p><p>Le impostazioni relative ai cookie possono essere modificate in qualsiasi momento. Di seguito vengono fornite ulteriori informazioni sulle tipologie di cookie utilizzati dal Sito e sulle modalit\u00e0 di gestione delle relative preferenze.<\/p>\t\t\t\t\t\t\t\t<\/div>\n\t\t\t\t<\/div>\n\t\t\t\t<div class=\"elementor-element elementor-element-5cf3864 elementor-widget elementor-widget-heading\" data-id=\"5cf3864\" data-element_type=\"widget\" data-widget_type=\"heading.default\">\n\t\t\t\t<div class=\"elementor-widget-container\">\n\t\t\t\t\t<h3 class=\"elementor-heading-title elementor-size-default\">Tipi di Cookie<\/h3>\t\t\t\t<\/div>\n\t\t\t\t<\/div>\n\t\t\t\t<div class=\"elementor-element elementor-element-56a8a67 elementor-widget elementor-widget-text-editor\" data-id=\"56a8a67\" data-element_type=\"widget\" data-widget_type=\"text-editor.default\">\n\t\t\t\t<div class=\"elementor-widget-container\">\n\t\t\t\t\t\t\t\t\t<p>Quando l\u2019utente accede al Sito tramite il proprio browser, possono essere installati cookie sul dispositivo per consentire al Sito di riconoscerlo, assicurando un utilizzo efficace durante la durata del cookie e raccogliendo dati relativi agli accessi.<\/p><p>Navigando sul Sito, l\u2019utente pu\u00f2 ricevere cookie anche da siti o server diversi (c.d. \u201cterze parti\u201d), che possono contenere elementi (es. immagini, mappe, suoni, link a pagine di altri domini). A seconda della provenienza, i cookie possono essere:<\/p><ul><li>Cookie di prima parte, inviati direttamente da BWR al dispositivo dell\u2019utente;<\/li><li>Cookie di terza parte: inviati da soggetti terzi per conto di BWR.<br \/>In base alla finalit\u00e0, i cookie si distinguono in:<\/li><li>Cookie tecnici: non richiedono il consenso dell\u2019utente e sono utilizzati esclusivamente per consentire la trasmissione di dati identificativi di sessione (es. numeri generati dal server), necessari per una navigazione sicura ed efficiente. Questi cookie non sono persistenti e vengono eliminati alla chiusura del browser.\u2028<\/li><li>Cookie analytics: BWR utilizza questi cookie per analizzare in forma aggregata il numero di utenti e le modalit\u00e0 di utilizzo del Sito. Se i cookie non permettono l\u2019identificazione dell\u2019utente, sono equiparati ai cookie tecnici e non richiedono consenso. Qualora invece possano identificare l\u2019utente, \u00e8 richiesto il consenso esplicito.\u2028<\/li><li>Cookie di profilazione: richiedono il consenso dell\u2019utente. Sono utilizzati per creare profili utente e inviare messaggi pubblicitari coerenti con le preferenze manifestate durante la navigazione, o per migliorare l\u2019esperienza dell\u2019utente sul Sito.<\/li><\/ul>\t\t\t\t\t\t\t\t<\/div>\n\t\t\t\t<\/div>\n\t\t\t\t<div class=\"elementor-element elementor-element-22a0394 elementor-widget elementor-widget-heading\" data-id=\"22a0394\" data-element_type=\"widget\" data-widget_type=\"heading.default\">\n\t\t\t\t<div class=\"elementor-widget-container\">\n\t\t\t\t\t<h3 class=\"elementor-heading-title elementor-size-default\">Gestione dei cookie tramite strumenti di consenso o impostazioni del browser\n<\/h3>\t\t\t\t<\/div>\n\t\t\t\t<\/div>\n\t\t\t\t<div class=\"elementor-element elementor-element-dcbefc6 elementor-widget elementor-widget-text-editor\" data-id=\"dcbefc6\" data-element_type=\"widget\" data-widget_type=\"text-editor.default\">\n\t\t\t\t<div class=\"elementor-widget-container\">\n\t\t\t\t\t\t\t\t\t<p>L\u2019utente pu\u00f2 selezionare le proprie preferenze relative ai cookie cliccando sul pulsante \u201cImpostazioni\u201d nel banner visualizzato al primo accesso al Sito. Successivamente, le preferenze possono essere aggiornate in qualsiasi momento tramite il seguente collegamento: Preferenze Cookie.<\/p><p>In alternativa, \u00e8 possibile modificare le impostazioni direttamente dal browser utilizzato per la navigazione. Di seguito le modalit\u00e0 per i browser pi\u00f9 diffusi:<\/p><p>Chrome<br \/>Edge<br \/>Firefox<br \/>Safari<br \/>In caso di utilizzo di dispositivi mobili, si consiglia di consultare il manuale del dispositivo per la gestione dei cookie.<\/p><p>La maggior parte dei browser consente di visualizzare i cookie presenti sul dispositivo, bloccare tutti i cookie o ricevere un avviso prima dell\u2019installazione. Tuttavia, il mancato utilizzo dei cookie pu\u00f2 compromettere il funzionamento di alcune aree del Sito.<\/p><p>Per ulteriori informazioni sul trattamento dei dati personali, si rinvia alla <a href=\"https:\/\/www.bwrpower.com\/it\/privacy-policy\/\" target=\"_blank\" rel=\"noopener\">Privacy Policy<\/a>.<\/p>\t\t\t\t\t\t\t\t<\/div>\n\t\t\t\t<\/div>\n\t\t\t\t\t<\/div>\n\t\t\t\t<\/div>\n\t\t\t\t<\/div>\n\t\t","protected":false},"excerpt":{"rendered":"<p>Cookie Policy &#8211; BWR Power Systems Lugo S.r.l. La presente Cookie Policy fornisce informazioni agli utenti in merito all\u2019utilizzo di cookie e\/o tecnologie di monitoraggio da parte del sito web https:\/\/www.bwrpower.com (di seguito, il \u201cSito\u201d). Il Titolare del trattamento dei dati personali raccolti tramite il Sito \u00e8 BWR Power Systems Lugo S.r.l, con sede legale [&hellip;]<\/p>\n","protected":false},"author":1,"featured_media":0,"parent":0,"menu_order":0,"comment_status":"closed","ping_status":"closed","template":"","meta":{"footnotes":""},"class_list":["post-179","page","type-page","status-publish","hentry"],"yoast_head":"<!-- This site is optimized with the Yoast SEO plugin v25.4 - https:\/\/yoast.com\/wordpress\/plugins\/seo\/ -->\n<title>Cookie policy - BWR Power System<\/title>\n<meta name=\"robots\" content=\"index, follow, max-snippet:-1, max-image-preview:large, max-video-preview:-1\" \/>\n<link rel=\"canonical\" href=\"https:\/\/www.bwrpower.com\/it\/cookie-policy\/\" \/>\n<meta property=\"og:locale\" content=\"it_IT\" \/>\n<meta property=\"og:type\" content=\"article\" \/>\n<meta property=\"og:title\" content=\"Cookie policy - BWR Power System\" \/>\n<meta property=\"og:description\" content=\"Cookie Policy &#8211; BWR Power Systems Lugo S.r.l. La presente Cookie Policy fornisce informazioni agli utenti in merito all\u2019utilizzo di cookie e\/o tecnologie di monitoraggio da parte del sito web https:\/\/www.bwrpower.com (di seguito, il \u201cSito\u201d). Il Titolare del trattamento dei dati personali raccolti tramite il Sito \u00e8 BWR Power Systems Lugo S.r.l, con sede legale [&hellip;]\" \/>\n<meta property=\"og:url\" content=\"https:\/\/www.bwrpower.com\/it\/cookie-policy\/\" \/>\n<meta property=\"og:site_name\" content=\"BWR Power System\" \/>\n<meta property=\"article:modified_time\" content=\"2025-06-19T10:34:36+00:00\" \/>\n<meta property=\"og:image\" content=\"https:\/\/www.bwrpower.com\/wp-content\/uploads\/2025\/06\/BWRPOWER_sfondo.jpg\" \/>\n\t<meta property=\"og:image:width\" content=\"2000\" \/>\n\t<meta property=\"og:image:height\" content=\"1418\" \/>\n\t<meta property=\"og:image:type\" content=\"image\/jpeg\" \/>\n<meta name=\"twitter:card\" content=\"summary_large_image\" \/>\n<meta name=\"twitter:label1\" content=\"Tempo di lettura stimato\" \/>\n\t<meta name=\"twitter:data1\" content=\"3 minuti\" \/>\n<script type=\"application\/ld+json\" class=\"yoast-schema-graph\">{\"@context\":\"https:\/\/schema.org\",\"@graph\":[{\"@type\":\"WebPage\",\"@id\":\"https:\/\/www.bwrpower.com\/it\/cookie-policy\/\",\"url\":\"https:\/\/www.bwrpower.com\/it\/cookie-policy\/\",\"name\":\"Cookie policy - BWR Power System\",\"isPartOf\":{\"@id\":\"https:\/\/www.bwrpower.com\/en\/#website\"},\"datePublished\":\"2025-06-19T09:56:21+00:00\",\"dateModified\":\"2025-06-19T10:34:36+00:00\",\"breadcrumb\":{\"@id\":\"https:\/\/www.bwrpower.com\/it\/cookie-policy\/#breadcrumb\"},\"inLanguage\":\"it-IT\",\"potentialAction\":[{\"@type\":\"ReadAction\",\"target\":[\"https:\/\/www.bwrpower.com\/it\/cookie-policy\/\"]}]},{\"@type\":\"BreadcrumbList\",\"@id\":\"https:\/\/www.bwrpower.com\/it\/cookie-policy\/#breadcrumb\",\"itemListElement\":[{\"@type\":\"ListItem\",\"position\":1,\"name\":\"Home\",\"item\":\"https:\/\/www.bwrpower.com\/en\/\"},{\"@type\":\"ListItem\",\"position\":2,\"name\":\"Cookie policy\"}]},{\"@type\":\"WebSite\",\"@id\":\"https:\/\/www.bwrpower.com\/en\/#website\",\"url\":\"https:\/\/www.bwrpower.com\/en\/\",\"name\":\"BWR Power System\",\"description\":\"Alimentiamo il futuro della mobilit\u00e0 elettrica industriale\",\"publisher\":{\"@id\":\"https:\/\/www.bwrpower.com\/en\/#organization\"},\"alternateName\":\"BWR Power\",\"potentialAction\":[{\"@type\":\"SearchAction\",\"target\":{\"@type\":\"EntryPoint\",\"urlTemplate\":\"https:\/\/www.bwrpower.com\/en\/?s={search_term_string}\"},\"query-input\":{\"@type\":\"PropertyValueSpecification\",\"valueRequired\":true,\"valueName\":\"search_term_string\"}}],\"inLanguage\":\"it-IT\"},{\"@type\":\"Organization\",\"@id\":\"https:\/\/www.bwrpower.com\/en\/#organization\",\"name\":\"BWR Power System\",\"alternateName\":\"BWR Power\",\"url\":\"https:\/\/www.bwrpower.com\/en\/\",\"logo\":{\"@type\":\"ImageObject\",\"inLanguage\":\"it-IT\",\"@id\":\"https:\/\/www.bwrpower.com\/en\/#\/schema\/logo\/image\/\",\"url\":\"https:\/\/www.bwrpower.com\/wp-content\/uploads\/2025\/06\/BWRPOWER_lampo.svg\",\"contentUrl\":\"https:\/\/www.bwrpower.com\/wp-content\/uploads\/2025\/06\/BWRPOWER_lampo.svg\",\"width\":1,\"height\":1,\"caption\":\"BWR Power System\"},\"image\":{\"@id\":\"https:\/\/www.bwrpower.com\/en\/#\/schema\/logo\/image\/\"}}]}<\/script>\n<!-- \/ Yoast SEO plugin. -->","yoast_head_json":{"title":"Cookie policy - BWR Power System","robots":{"index":"index","follow":"follow","max-snippet":"max-snippet:-1","max-image-preview":"max-image-preview:large","max-video-preview":"max-video-preview:-1"},"canonical":"https:\/\/www.bwrpower.com\/it\/cookie-policy\/","og_locale":"it_IT","og_type":"article","og_title":"Cookie policy - BWR Power System","og_description":"Cookie Policy &#8211; BWR Power Systems Lugo S.r.l. La presente Cookie Policy fornisce informazioni agli utenti in merito all\u2019utilizzo di cookie e\/o tecnologie di monitoraggio da parte del sito web https:\/\/www.bwrpower.com (di seguito, il \u201cSito\u201d). Il Titolare del trattamento dei dati personali raccolti tramite il Sito \u00e8 BWR Power Systems Lugo S.r.l, con sede legale [&hellip;]","og_url":"https:\/\/www.bwrpower.com\/it\/cookie-policy\/","og_site_name":"BWR Power System","article_modified_time":"2025-06-19T10:34:36+00:00","og_image":[{"width":2000,"height":1418,"url":"https:\/\/www.bwrpower.com\/wp-content\/uploads\/2025\/06\/BWRPOWER_sfondo.jpg","type":"image\/jpeg"}],"twitter_card":"summary_large_image","twitter_misc":{"Tempo di lettura stimato":"3 minuti"},"schema":{"@context":"https:\/\/schema.org","@graph":[{"@type":"WebPage","@id":"https:\/\/www.bwrpower.com\/it\/cookie-policy\/","url":"https:\/\/www.bwrpower.com\/it\/cookie-policy\/","name":"Cookie policy - BWR Power System","isPartOf":{"@id":"https:\/\/www.bwrpower.com\/en\/#website"},"datePublished":"2025-06-19T09:56:21+00:00","dateModified":"2025-06-19T10:34:36+00:00","breadcrumb":{"@id":"https:\/\/www.bwrpower.com\/it\/cookie-policy\/#breadcrumb"},"inLanguage":"it-IT","potentialAction":[{"@type":"ReadAction","target":["https:\/\/www.bwrpower.com\/it\/cookie-policy\/"]}]},{"@type":"BreadcrumbList","@id":"https:\/\/www.bwrpower.com\/it\/cookie-policy\/#breadcrumb","itemListElement":[{"@type":"ListItem","position":1,"name":"Home","item":"https:\/\/www.bwrpower.com\/en\/"},{"@type":"ListItem","position":2,"name":"Cookie policy"}]},{"@type":"WebSite","@id":"https:\/\/www.bwrpower.com\/en\/#website","url":"https:\/\/www.bwrpower.com\/en\/","name":"BWR Power System","description":"Alimentiamo il futuro della mobilit\u00e0 elettrica industriale","publisher":{"@id":"https:\/\/www.bwrpower.com\/en\/#organization"},"alternateName":"BWR Power","potentialAction":[{"@type":"SearchAction","target":{"@type":"EntryPoint","urlTemplate":"https:\/\/www.bwrpower.com\/en\/?s={search_term_string}"},"query-input":{"@type":"PropertyValueSpecification","valueRequired":true,"valueName":"search_term_string"}}],"inLanguage":"it-IT"},{"@type":"Organization","@id":"https:\/\/www.bwrpower.com\/en\/#organization","name":"BWR Power System","alternateName":"BWR Power","url":"https:\/\/www.bwrpower.com\/en\/","logo":{"@type":"ImageObject","inLanguage":"it-IT","@id":"https:\/\/www.bwrpower.com\/en\/#\/schema\/logo\/image\/","url":"https:\/\/www.bwrpower.com\/wp-content\/uploads\/2025\/06\/BWRPOWER_lampo.svg","contentUrl":"https:\/\/www.bwrpower.com\/wp-content\/uploads\/2025\/06\/BWRPOWER_lampo.svg","width":1,"height":1,"caption":"BWR Power System"},"image":{"@id":"https:\/\/www.bwrpower.com\/en\/#\/schema\/logo\/image\/"}}]}},"_links":{"self":[{"href":"https:\/\/www.bwrpower.com\/it\/wp-json\/wp\/v2\/pages\/179","targetHints":{"allow":["GET"]}}],"collection":[{"href":"https:\/\/www.bwrpower.com\/it\/wp-json\/wp\/v2\/pages"}],"about":[{"href":"https:\/\/www.bwrpower.com\/it\/wp-json\/wp\/v2\/types\/page"}],"author":[{"embeddable":true,"href":"https:\/\/www.bwrpower.com\/it\/wp-json\/wp\/v2\/users\/1"}],"replies":[{"embeddable":true,"href":"https:\/\/www.bwrpower.com\/it\/wp-json\/wp\/v2\/comments?post=179"}],"version-history":[{"count":0,"href":"https:\/\/www.bwrpower.com\/it\/wp-json\/wp\/v2\/pages\/179\/revisions"}],"wp:attachment":[{"href":"https:\/\/www.bwrpower.com\/it\/wp-json\/wp\/v2\/media?parent=179"}],"curies":[{"name":"wp","href":"https:\/\/api.w.org\/{rel}","templated":true}]}}